{"id":116,"date":"2018-06-03T23:10:02","date_gmt":"2018-06-03T23:10:02","guid":{"rendered":"https:\/\/lovingmaldivas.es\/?page_id=3"},"modified":"2024-10-30T15:35:03","modified_gmt":"2024-10-30T15:35:03","slug":"politica-privacidad","status":"publish","type":"page","link":"https:\/\/lovingmaldivas.es\/index.php\/politica-privacidad\/","title":{"rendered":"Pol\u00edtica de privacidad"},"content":{"rendered":"<p>La presente Pol\u00edtica de Privacidad da cumplimiento al Reglamento (UE) 2016\/679 del Parlamento Europeo y del Consejo de 27 de abril de 2016 relativo a la protecci\u00f3n de las personas f\u00edsicas en lo que respecta al tratamiento de datos personales y a la libre circulaci\u00f3n de estos datos (Reglamento General de Protecci\u00f3n de Datos),y en aquello no previsto por \u00e9ste, por la Ley Org\u00e1nica 15\/1999, de 13 de diciembre, de Protecci\u00f3n de Datos de Car\u00e1cter Personal, el Real Decreto 1720\/2007, de 21 de diciembre, por el que se aprueba el Reglamento de desarrollo de la Ley Org\u00e1nica de Protecci\u00f3n de Datos, y la Ley 34\/2002, de 11 de julio, de servicios de la sociedad de la informaci\u00f3n y de comercio electr\u00f3nico.<\/p>\n<p>Por medio de este sitio web se recogen datos de car\u00e1cter personal necesarios para la gesti\u00f3n y el mantenimiento de los servicios ofrecidos a trav\u00e9s de <a href=\"http:\/\/www.lovingmaldivas.es\">www.lovingmaldivas.es<\/a>.<\/p>\n<p>Los datos personales e informaci\u00f3n recogida mediante el presente Sitio web ser\u00e1n almacenados y gestionados por LOVING MALDIVAS, como responsable del tratamiento, con la debida confidencialidad durante el plazo necesario para llevar a cabo los fines para los que fueron recogidos, y que se establecen en la presente Pol\u00edtica de Privacidad. El responsable de tratamiento se compromete a aplicar las medidas de seguridad inform\u00e1tica adecuadas para su protecci\u00f3n, establecidas en la normativa mencionada anteriormente, con la finalidad de impedir el acceso o uso indebido de los datos, su manipulaci\u00f3n, deterioro o perdida.<\/p>\n<p><strong><u>Responsable del tratamiento<\/u><\/strong><\/p>\n<p>En calidad de titular, el responsable del tratamiento de los datos es Rub\u00e9n Gallego (en adelante, LOVING MALDIVAS), con DNI 46066010-T, con domicilio en Passatge de les sorres n\u00fam.6, Baixos 2,\u00a0 de Torrelles de Llobregat (Barcelona) con C\u00f3digo Postal 08629.<\/p>\n<p><strong><u>Finalidades del tratamiento<\/u><\/strong><\/p>\n<p>Se comunica al usuario que los datos personales que ha facilitado a trav\u00e9s de los formularios establecidos en la p\u00e1gina web, se trataran con el objetivo de llevar a cabo una gesti\u00f3n adecuada de la relaci\u00f3n que se establezca mediante los mismos, y en caso de que lo autorice expresamente, para fines comerciales.<\/p>\n<p>En funci\u00f3n del producto o servicio que quiera adquirir o contratar el usuario, se requerir\u00e1n unos datos u otros, que generalmente ser\u00e1n los siguientes:<\/p>\n<ul>\n<li>Datos identificativos: por ejemplo, nombre, apellidos, idioma y pa\u00eds desde el que se accede a la web, datos de contacto\u2026<\/li>\n<li>Informaci\u00f3n econ\u00f3mica y transaccional: datos de pago o tarjeta, informaci\u00f3n de las contrataciones\/compras y\/o devoluciones\/cancelaci\u00f3n\u2026<\/li>\n<li>Datos de conexi\u00f3n y navegaci\u00f3n: por ejemplo si el usuario interact\u00faa desde el m\u00f3vil.<\/li>\n<li>Informaci\u00f3n comercial: si est\u00e1 suscrito a la newsletter de LOVING MALDIVAS.<\/li>\n<\/ul>\n<p>El hecho de no facilitar alguna informaci\u00f3n obligatoria en el momento de cumplimentar el formulario de datos, puede conllevar a que no sea posible gestionar su registro como usuario o el uso de determinadas funcionalidades o servicios disponibles en el Sitio web.<\/p>\n<p>LOVING MALDIVAS tratar\u00e1 los datos personales con las siguientes finalidades:<\/p>\n<ol>\n<li>Gesti\u00f3n del registro del usuario en el Sitio web: en caso de que el usuario decida registrarse en la p\u00e1gina web para adquirir alg\u00fan producto o servicio, LOVING MALDIVAS necesitar\u00e1 identificarle y darle acceso a funcionalidades que est\u00e9n a su disposici\u00f3n como usuario registrado.<\/li>\n<li>Dar cumplimiento y ejecuci\u00f3n de los productos o servicios contratados mediante <a href=\"http:\/\/www.lovingmaldivas.es\">lovingmaldivas.es<\/a>. Ello implica contactar con el usuario para informarle acerca de las actualizaciones relativas a los productos o servicios contratados, pudiendo enviar encuestas de calidad sobre los mismos.<\/li>\n<li>Gesti\u00f3n de pago de los productos y\/o servicios contratados, independientemente del medio de pago utilizado (por ejemplo, en caso de que el usuario decida activar la funcionalidad de \u201cguardar los datos de la tarjeta\u201d para futuras contrataciones); y la emisi\u00f3n de las facturas correspondientes.<\/li>\n<li>Prevenci\u00f3n de fraudes: activar los mecanismos necesarios para evitar posibles fraudes contra el usuario o contra LOVING MALDIVAS durante la contrataci\u00f3n, pudiendo bloquear la transacci\u00f3n.<\/li>\n<li>Atender las comunicaciones recibidas a trav\u00e9s de los diferentes formularios online del sitio web, o recibidas a trav\u00e9s de los diferentes medios a trav\u00e9s de los cuales los usuarios pueden contactar con LOVING MALDIVAS.<\/li>\n<li>Comunicarse con los usuarios y\/o clientes a trav\u00e9s de sus correos electr\u00f3nicos, llamadas telef\u00f3nicas u otros medios de comunicaci\u00f3n equivalentes, en relaci\u00f3n con los servicios en los que est\u00e9n interesados, siempre que sea razonable y\/o necesario para la ejecuci\u00f3n.<\/li>\n<li>Enviar comunicaciones comerciales a trav\u00e9s de diversos medios o difundir en la p\u00e1gina web o a trav\u00e9s de las redes sociales de LOVING MALDIVAS, fotograf\u00edas o im\u00e1genes que el usuario haya compartido, siempre que haya otorgado su consentimiento expreso.<\/li>\n<\/ol>\n<p>El usuario se compromete a proporcionar datos personales veraces y a notificar cualquier cambio o modificaci\u00f3n de los mismos. En caso de que el usuario proporcione datos personales de terceros, \u00e9ste se responsabiliza de haber informado y haber obtenido el consentimiento de estos para ser aportados con las finalidades indicadas en los apartados correspondientes de la presente Policita de Privacidad. Cualquier p\u00e9rdida o da\u00f1o causado a la p\u00e1gina web, al responsable de la misma o a un tercero mediante la comunicaci\u00f3n de informaci\u00f3n inexacta, err\u00f3nea o incompleta en los formularios de registro, ir\u00e1 a cargo de su responsabilidad.<\/p>\n<p>Los servicios disponibles a trav\u00e9s de <a href=\"http:\/\/www.lovingmaldivas.es\">www.lovingmaldivas.es<\/a>, no podr\u00e1n ser utilizados por los menores de edad sin previa autorizaci\u00f3n de sus padres, tutores o representantes legales, quienes ser\u00e1n los \u00fanicos responsables de los actos realizados a trav\u00e9s del sitio web por los menores a su cargo. En la medida en que LOVING MALDIVAS no tiene capacidad para conocer la verdadera edad de los usuarios, advirti\u00e9ndose que deber\u00e1n ser los padres o tutores legales quienes habiliten los mecanismos necesarios para evitar que los menores accedan a la p\u00e1gina web y faciliten datos de car\u00e1cter personal sin su supervisi\u00f3n, excluy\u00e9ndose de toda responsabilidad al responsable de tratamiento o a la p\u00e1gina web.<\/p>\n<p>El Sitio web informar\u00e1 a los usuarios, a trav\u00e9s de cualquier medio de comunicaci\u00f3n, incluso telem\u00e1tico, acerca de sus productos o servicios, siempre que as\u00ed lo autorice y consienta expresamente el usuario. Si el usuario no desea recibir dicha informaci\u00f3n comercial deber\u00e1 mantener sin marcar la casilla correspondiente, en el momento de introducir sus datos personales. A tal efecto, el usuario podr\u00e1 en todo momento revocar el consentimiento prestado para el env\u00edo de publicidad a trav\u00e9s de los medios electr\u00f3nicos facilitados, dirigi\u00e9ndose a la direcci\u00f3n de correo electr\u00f3nico <a href=\"mailto:hola@lovingmaldivas.es\">hola@lovingmaldivas.es<\/a>, al correo postal de la direcci\u00f3n del domicilio social indicado anteriormente, o siguiendo las instrucciones que contengan en las comunicaciones telem\u00e1ticas.<\/p>\n<p><strong><u>Duraci\u00f3n del tratamiento de los datos personales<\/u><\/strong><\/p>\n<p>El plazo de conservaci\u00f3n de los datos personales ser\u00e1 el necesario para llevar a cabo las finalidades mencionadas en el apartado anterior, pudiendo el usuario en cualquier momento ejercer sus derechos o revocar el consentimiento otorgado por cualquiera de los medios mencionados a lo largo de la presente Pol\u00edtica de Privacidad.<\/p>\n<p><strong><u>Destinatarios de los datos<\/u><\/strong><\/p>\n<p>Para poder dar cumplimiento a las finalidades mencionadas en el presente documento, ser\u00e1 necesario permitir el acceso a los datos personales de los usuarios a terceras partes que prestan apoyo en los servicios ofrecidos desde LOVING MALDIVAS, tales como entidades financieras, entidades de detecci\u00f3n y prevenci\u00f3n de fraude, proveedores de servicios tecnol\u00f3gicos, proveedores y colaboradores (hoteles), proveedores y colaboradores de servicios de marketing y publicidad.<\/p>\n<p>Cabe mencionar, que alguno de los prestadores que se han mencionado en el p\u00e1rrafo anterior, est\u00e1n ubicados en territorios de fuera del Espacio Econ\u00f3mico Europeo, tales como los hoteles con los que colabora LOVING MALDIVAS para la organizaci\u00f3n de los paquetes tur\u00edsticos. Se informa a los usuarios, que en dichos casos, los datos se transfieren con las garant\u00edas adecuadas, velando siempre por la seguridad de los mismos.<\/p>\n<p>LOVING MALDIVAS cuenta con el certificado de seguridad SSL (Secure Socket Layer), el cual garantiza que los datos personales viajen de manera \u00edntegra y segura)<\/p>\n<p><strong><u>Derechos de los usuarios <\/u><\/strong><\/p>\n<p>El responsable del tratamiento se compromete a respetar la confidencialidad de los datos personales de los usuarios y a garantizarles el ejercicio de sus derechos. En cualquier momento podr\u00e1 ejercer el derecho de rectificaci\u00f3n de aquellos datos de los que dispone LOVING MALDIVAS, rectificaci\u00f3n de los datos cedidos a LOVING MALDIVAS, supresi\u00f3n de los datos en la medida que no sean necesarios , limitaci\u00f3n del tratamiento, oposici\u00f3n y portabilidad, dirigi\u00e9ndose LOVING MALDIVAS mediante un correo electr\u00f3nico a <a href=\"mailto:hola@lovingmaldivas.es\">hola@lovingmaldivas.es<\/a>, o correo postal a su domicilio social ubicado en Passatge de les sorres, n\u00fam. 6, Baixos 2, Torrelles de Llobregat de Barcelona (Barcelona) con CP 08629.<\/p>\n<p>Para el ejercicio de dichos derechos, el usuario deber\u00e1 acreditar su identidad facilitando su nombre y apellidos, fotocopia del DNI o documento equivalente, petici\u00f3n en la que se concreta la solicitud, direcci\u00f3n a efectos de notificaciones, fecha y firma del solicitante.<\/p>\n<p>El usuario adem\u00e1s, tendr\u00e1 derecho a revocar el consentimiento otorgado para el tratamiento de sus datos, a trav\u00e9s de las v\u00edas mencionadas anteriormente. En este caso, el responsable de tratamiento tendr\u00e1 un plazo m\u00e1ximo de un mes, a contar desde la recepci\u00f3n de la revocaci\u00f3n del consentimiento, para cesar en el tratamiento de los datos personales. Si el usuario as\u00ed lo hubiere solicitado, el responsable de tratamiento deber\u00e1 confirmarle el cese en el tratamiento de sus datos personales.<\/p>\n<p>Por \u00faltimo, si el usuario considera que el tratamiento de sus datos personales infringe la normativa aplicable, tendr\u00e1 derecho a presentar una reclamaci\u00f3n ante la autoridad de control (Agencia Espa\u00f1ola de Protecci\u00f3n de Datos) correspondiente, sin perjuicio de llevar a cabo cualquier otro recurso administrativo o acci\u00f3n judicial pertinente.<\/p>\n<p>La presente Pol\u00edtica de Privacidad podr\u00e1 ser revisada, actualizada y modificada en cualquier momento, debiendo LOVING MALDIVAS informar a los usuarios a trav\u00e9s de la direcci\u00f3n de correo facilitada en el momento de cumplimentar el formulario. Aun as\u00ed, viene a ser necesaria la revisi\u00f3n de la misma por parte del usuario de forma peri\u00f3dica o cada vez que se acceda al sitio web con la finalidad de estar correctamente informado acerca del tipo de datos recopilados y su tratamiento automatizado.<\/p>\n","protected":false},"excerpt":{"rendered":"<p>La presente Pol\u00edtica de Privacidad da cumplimiento al Reglamento (UE) 2016\/679 del Parlamento Europeo y del Consejo de 27 de abril de 2016 relativo a la protecci\u00f3n de las personas f\u00edsicas en lo que respecta al tratamiento de datos personales y a la libre circulaci\u00f3n de estos datos (Reglamento General de Protecci\u00f3n de Datos),y en [&hellip;]<\/p>\n","protected":false},"author":2,"featured_media":0,"parent":0,"menu_order":0,"comment_status":"closed","ping_status":"closed","template":"","meta":{"_et_pb_use_builder":"","_et_pb_old_content":"","_et_gb_content_width":"1400","footnotes":""},"class_list":["post-116","page","type-page","status-publish","hentry"],"yoast_head":"<!-- This site is optimized with the Yoast SEO plugin v27.2 - https:\/\/yoast.com\/product\/yoast-seo-wordpress\/ -->\n<title>Pol\u00edtica de privacidad - Loving Maldivas<\/title>\n<meta name=\"robots\" content=\"noindex, follow\" \/>\n<meta property=\"og:locale\" content=\"es_ES\" \/>\n<meta property=\"og:type\" content=\"article\" \/>\n<meta property=\"og:title\" content=\"Pol\u00edtica de privacidad - Loving Maldivas\" \/>\n<meta property=\"og:description\" content=\"La presente Pol\u00edtica de Privacidad da cumplimiento al Reglamento (UE) 2016\/679 del Parlamento Europeo y del Consejo de 27 de abril de 2016 relativo a la protecci\u00f3n de las personas f\u00edsicas en lo que respecta al tratamiento de datos personales y a la libre circulaci\u00f3n de estos datos (Reglamento General de Protecci\u00f3n de Datos),y en [&hellip;]\" \/>\n<meta property=\"og:url\" content=\"https:\/\/lovingmaldivas.es\/index.php\/politica-privacidad\/\" \/>\n<meta property=\"og:site_name\" content=\"Loving Maldivas\" \/>\n<meta property=\"article:publisher\" content=\"https:\/\/www.facebook.com\/loving.maldivas\" \/>\n<meta property=\"article:modified_time\" content=\"2024-10-30T15:35:03+00:00\" \/>\n<meta name=\"twitter:card\" content=\"summary_large_image\" \/>\n<meta name=\"twitter:site\" content=\"@lovingmaldivas\" \/>\n<meta name=\"twitter:label1\" content=\"Tiempo de lectura\" \/>\n\t<meta name=\"twitter:data1\" content=\"9 minutos\" \/>\n<script type=\"application\/ld+json\" class=\"yoast-schema-graph\">{\"@context\":\"https:\/\/schema.org\",\"@graph\":[{\"@type\":\"WebPage\",\"@id\":\"https:\/\/lovingmaldivas.es\/index.php\/politica-privacidad\/\",\"url\":\"https:\/\/lovingmaldivas.es\/index.php\/politica-privacidad\/\",\"name\":\"Pol\u00edtica de privacidad - Loving Maldivas\",\"isPartOf\":{\"@id\":\"https:\/\/lovingmaldivas.es\/#website\"},\"datePublished\":\"2018-06-03T23:10:02+00:00\",\"dateModified\":\"2024-10-30T15:35:03+00:00\",\"breadcrumb\":{\"@id\":\"https:\/\/lovingmaldivas.es\/index.php\/politica-privacidad\/#breadcrumb\"},\"inLanguage\":\"es\",\"potentialAction\":[{\"@type\":\"ReadAction\",\"target\":[\"https:\/\/lovingmaldivas.es\/index.php\/politica-privacidad\/\"]}]},{\"@type\":\"BreadcrumbList\",\"@id\":\"https:\/\/lovingmaldivas.es\/index.php\/politica-privacidad\/#breadcrumb\",\"itemListElement\":[{\"@type\":\"ListItem\",\"position\":1,\"name\":\"Portada\",\"item\":\"https:\/\/lovingmaldivas.es\/\"},{\"@type\":\"ListItem\",\"position\":2,\"name\":\"Pol\u00edtica de privacidad\"}]},{\"@type\":\"WebSite\",\"@id\":\"https:\/\/lovingmaldivas.es\/#website\",\"url\":\"https:\/\/lovingmaldivas.es\/\",\"name\":\"Loving Maldivas\",\"description\":\"Especialistas en viajes y vacaciones a las Islas Maldivas\",\"publisher\":{\"@id\":\"https:\/\/lovingmaldivas.es\/#organization\"},\"potentialAction\":[{\"@type\":\"SearchAction\",\"target\":{\"@type\":\"EntryPoint\",\"urlTemplate\":\"https:\/\/lovingmaldivas.es\/?s={search_term_string}\"},\"query-input\":{\"@type\":\"PropertyValueSpecification\",\"valueRequired\":true,\"valueName\":\"search_term_string\"}}],\"inLanguage\":\"es\"},{\"@type\":\"Organization\",\"@id\":\"https:\/\/lovingmaldivas.es\/#organization\",\"name\":\"Loving Maldivas\",\"url\":\"https:\/\/lovingmaldivas.es\/\",\"logo\":{\"@type\":\"ImageObject\",\"inLanguage\":\"es\",\"@id\":\"https:\/\/lovingmaldivas.es\/#\/schema\/logo\/image\/\",\"url\":\"https:\/\/lovingmaldivas.es\/wp-content\/uploads\/2024\/10\/logo2.png\",\"contentUrl\":\"https:\/\/lovingmaldivas.es\/wp-content\/uploads\/2024\/10\/logo2.png\",\"width\":256,\"height\":82,\"caption\":\"Loving Maldivas\"},\"image\":{\"@id\":\"https:\/\/lovingmaldivas.es\/#\/schema\/logo\/image\/\"},\"sameAs\":[\"https:\/\/www.facebook.com\/loving.maldivas\",\"https:\/\/x.com\/lovingmaldivas\",\"https:\/\/www.instagram.com\/lovingmaldivas\/\"]}]}<\/script>\n<!-- \/ Yoast SEO plugin. -->","yoast_head_json":{"title":"Pol\u00edtica de privacidad - Loving Maldivas","robots":{"index":"noindex","follow":"follow"},"og_locale":"es_ES","og_type":"article","og_title":"Pol\u00edtica de privacidad - Loving Maldivas","og_description":"La presente Pol\u00edtica de Privacidad da cumplimiento al Reglamento (UE) 2016\/679 del Parlamento Europeo y del Consejo de 27 de abril de 2016 relativo a la protecci\u00f3n de las personas f\u00edsicas en lo que respecta al tratamiento de datos personales y a la libre circulaci\u00f3n de estos datos (Reglamento General de Protecci\u00f3n de Datos),y en [&hellip;]","og_url":"https:\/\/lovingmaldivas.es\/index.php\/politica-privacidad\/","og_site_name":"Loving Maldivas","article_publisher":"https:\/\/www.facebook.com\/loving.maldivas","article_modified_time":"2024-10-30T15:35:03+00:00","twitter_card":"summary_large_image","twitter_site":"@lovingmaldivas","twitter_misc":{"Tiempo de lectura":"9 minutos"},"schema":{"@context":"https:\/\/schema.org","@graph":[{"@type":"WebPage","@id":"https:\/\/lovingmaldivas.es\/index.php\/politica-privacidad\/","url":"https:\/\/lovingmaldivas.es\/index.php\/politica-privacidad\/","name":"Pol\u00edtica de privacidad - Loving Maldivas","isPartOf":{"@id":"https:\/\/lovingmaldivas.es\/#website"},"datePublished":"2018-06-03T23:10:02+00:00","dateModified":"2024-10-30T15:35:03+00:00","breadcrumb":{"@id":"https:\/\/lovingmaldivas.es\/index.php\/politica-privacidad\/#breadcrumb"},"inLanguage":"es","potentialAction":[{"@type":"ReadAction","target":["https:\/\/lovingmaldivas.es\/index.php\/politica-privacidad\/"]}]},{"@type":"BreadcrumbList","@id":"https:\/\/lovingmaldivas.es\/index.php\/politica-privacidad\/#breadcrumb","itemListElement":[{"@type":"ListItem","position":1,"name":"Portada","item":"https:\/\/lovingmaldivas.es\/"},{"@type":"ListItem","position":2,"name":"Pol\u00edtica de privacidad"}]},{"@type":"WebSite","@id":"https:\/\/lovingmaldivas.es\/#website","url":"https:\/\/lovingmaldivas.es\/","name":"Loving Maldivas","description":"Especialistas en viajes y vacaciones a las Islas Maldivas","publisher":{"@id":"https:\/\/lovingmaldivas.es\/#organization"},"potentialAction":[{"@type":"SearchAction","target":{"@type":"EntryPoint","urlTemplate":"https:\/\/lovingmaldivas.es\/?s={search_term_string}"},"query-input":{"@type":"PropertyValueSpecification","valueRequired":true,"valueName":"search_term_string"}}],"inLanguage":"es"},{"@type":"Organization","@id":"https:\/\/lovingmaldivas.es\/#organization","name":"Loving Maldivas","url":"https:\/\/lovingmaldivas.es\/","logo":{"@type":"ImageObject","inLanguage":"es","@id":"https:\/\/lovingmaldivas.es\/#\/schema\/logo\/image\/","url":"https:\/\/lovingmaldivas.es\/wp-content\/uploads\/2024\/10\/logo2.png","contentUrl":"https:\/\/lovingmaldivas.es\/wp-content\/uploads\/2024\/10\/logo2.png","width":256,"height":82,"caption":"Loving Maldivas"},"image":{"@id":"https:\/\/lovingmaldivas.es\/#\/schema\/logo\/image\/"},"sameAs":["https:\/\/www.facebook.com\/loving.maldivas","https:\/\/x.com\/lovingmaldivas","https:\/\/www.instagram.com\/lovingmaldivas\/"]}]}},"_links":{"self":[{"href":"https:\/\/lovingmaldivas.es\/index.php\/wp-json\/wp\/v2\/pages\/116","targetHints":{"allow":["GET"]}}],"collection":[{"href":"https:\/\/lovingmaldivas.es\/index.php\/wp-json\/wp\/v2\/pages"}],"about":[{"href":"https:\/\/lovingmaldivas.es\/index.php\/wp-json\/wp\/v2\/types\/page"}],"author":[{"embeddable":true,"href":"https:\/\/lovingmaldivas.es\/index.php\/wp-json\/wp\/v2\/users\/2"}],"replies":[{"embeddable":true,"href":"https:\/\/lovingmaldivas.es\/index.php\/wp-json\/wp\/v2\/comments?post=116"}],"version-history":[{"count":2,"href":"https:\/\/lovingmaldivas.es\/index.php\/wp-json\/wp\/v2\/pages\/116\/revisions"}],"predecessor-version":[{"id":17854,"href":"https:\/\/lovingmaldivas.es\/index.php\/wp-json\/wp\/v2\/pages\/116\/revisions\/17854"}],"wp:attachment":[{"href":"https:\/\/lovingmaldivas.es\/index.php\/wp-json\/wp\/v2\/media?parent=116"}],"curies":[{"name":"wp","href":"https:\/\/api.w.org\/{rel}","templated":true}]}}