{"id":73,"date":"2024-10-29T10:40:01","date_gmt":"2024-10-29T10:40:01","guid":{"rendered":"https:\/\/lovingmaldivas.es\/?page_id=73"},"modified":"2024-12-04T13:01:32","modified_gmt":"2024-12-04T13:01:32","slug":"packs-de-viajes-a-las-islas-maldivas","status":"publish","type":"page","link":"https:\/\/lovingmaldivas.es\/index.php\/packs-de-viajes-a-las-islas-maldivas\/","title":{"rendered":"Packs de viajes a las islas maldivas"},"content":{"rendered":"<p>[et_pb_section fb_built=\u00bb1&#8243; fullwidth=\u00bbon\u00bb _builder_version=\u00bb4.27.2&#8243; _module_preset=\u00bbdefault\u00bb global_colors_info=\u00bb{}\u00bb][et_pb_fullwidth_header title=\u00bbPacks\u00bb text_orientation=\u00bbcenter\u00bb background_overlay_color=\u00bbrgba(0,0,0,0.56)\u00bb _builder_version=\u00bb4.27.2&#8243; _module_preset=\u00bbdefault\u00bb title_font_size=\u00bb55px\u00bb content_font_size=\u00bb25px\u00bb content_line_height=\u00bb1.3em\u00bb background_color=\u00bb#aedddd\u00bb background_image=\u00bbhttps:\/\/lovingmaldivas.es\/wp-content\/uploads\/2018\/07\/Jakuzzi-Water-Villa-Terrace2-min.jpg\u00bb title_font_size_tablet=\u00bb55px\u00bb title_font_size_phone=\u00bb45px\u00bb title_font_size_last_edited=\u00bbon|phone\u00bb content_font_size_tablet=\u00bb25px\u00bb content_font_size_phone=\u00bb20px\u00bb content_font_size_last_edited=\u00bbon|phone\u00bb global_colors_info=\u00bb{}\u00bb]<\/p>\n<p><span>Sabemos que hay distintas maneras de viajar a Maldivas, por eso en Loving Maldivas queremos que elijas el mejor Pack para tus vacaciones.<\/span><\/p>\n<p>[\/et_pb_fullwidth_header][\/et_pb_section][et_pb_section fb_built=\u00bb1&#8243; _builder_version=\u00bb4.27.2&#8243; _module_preset=\u00bbdefault\u00bb custom_padding=\u00bb1px||0px|||\u00bb global_colors_info=\u00bb{}\u00bb][et_pb_row column_structure=\u00bb1_2,1_2&#8243; use_custom_gutter=\u00bbon\u00bb make_equal=\u00bbon\u00bb _builder_version=\u00bb4.27.2&#8243; _module_preset=\u00bbdefault\u00bb width=\u00bb100%\u00bb max_width=\u00bb100%\u00bb custom_padding=\u00bb0px||4px|||\u00bb global_colors_info=\u00bb{}\u00bb][et_pb_column type=\u00bb1_2&#8243; _builder_version=\u00bb4.27.2&#8243; _module_preset=\u00bbdefault\u00bb custom_css_main_element=\u00bbmargin: auto;\u00bb global_colors_info=\u00bb{}\u00bb][et_pb_text _builder_version=\u00bb4.27.2&#8243; _module_preset=\u00bbdefault\u00bb header_2_font=\u00bb|600|||||||\u00bb header_2_text_color=\u00bb#ffcc05&#8243; header_2_font_size=\u00bb50px\u00bb custom_margin=\u00bb|50px||50px|false|false\u00bb custom_margin_tablet=\u00bb|50px||50px|false|false\u00bb custom_margin_phone=\u00bb|10px||10px|false|true\u00bb custom_margin_last_edited=\u00bbon|phone\u00bb custom_padding=\u00bb25px|10px|25px|10px|true|true\u00bb global_colors_info=\u00bb{}\u00bb]<\/p>\n<h2 style=\"text-align: center;\">Pack Loving Maldivas<\/h2>\n<p>[\/et_pb_text][et_pb_text _builder_version=\u00bb4.27.2&#8243; _module_preset=\u00bbdefault\u00bb header_3_font=\u00bb|600|||||||\u00bb header_3_text_color=\u00bb#000000&#8243; custom_padding=\u00bb||25px||false|false\u00bb global_colors_info=\u00bb{}\u00bb]<\/p>\n<h3 style=\"text-align: center;\"><em>El Equilibrio Perfecto<\/em><\/h3>\n<p>[\/et_pb_text][et_pb_text _builder_version=\u00bb4.27.2&#8243; _module_preset=\u00bbdefault\u00bb custom_margin=\u00bb|50px||50px|false|true\u00bb custom_margin_tablet=\u00bb|50px||50px|false|true\u00bb custom_margin_phone=\u00bb|10px||10px|false|false\u00bb custom_margin_last_edited=\u00bbon|phone\u00bb custom_padding=\u00bb25px|10px|25px|10px|true|false\u00bb global_colors_info=\u00bb{}\u00bb]<\/p>\n<p style=\"text-align: center;\">Este Pack tiene los ingredientes perfectos. 8 d\u00edas y 7 noches en el Hotel 4* Arena Beach y 3 excursiones incluidas. Una excursi\u00f3n donde pasaremos un d\u00eda entero en un Resort de Lujo, una experiencia relajante de Pesca al Atardecer y otro d\u00eda donde disfrutaremos de 3 puntos distintos de Snorkel.<\/p>\n<p style=\"text-align: center;\"><strong>Desde 750\u20ac por persona<\/strong><\/p>\n<p>[\/et_pb_text][et_pb_button button_text=\u00bbVER PACK\u00bb _builder_version=\u00bb4.27.2&#8243; _module_preset=\u00bbdefault\u00bb button_alignment=\u00bbcenter\u00bb custom_button=\u00bbon\u00bb button_text_size=\u00bb15px\u00bb custom_margin=\u00bb10px||||false|false\u00bb hover_enabled=\u00bb0&#8243; sticky_enabled=\u00bb0&#8243; button_url=\u00bb\/index.php\/producto\/pack-loving-maldivas\/\u00bb][\/et_pb_button][\/et_pb_column][et_pb_column type=\u00bb1_2&#8243; _builder_version=\u00bb4.27.2&#8243; _module_preset=\u00bbdefault\u00bb global_colors_info=\u00bb{}\u00bb][et_pb_image src=\u00bbhttps:\/\/lovingmaldivas.es\/wp-content\/uploads\/2024\/10\/packloving.jpg\u00bb title_text=\u00bbpackloving\u00bb _builder_version=\u00bb4.27.2&#8243; _module_preset=\u00bbdefault\u00bb global_colors_info=\u00bb{}\u00bb][\/et_pb_image][\/et_pb_column][\/et_pb_row][\/et_pb_section][et_pb_section fb_built=\u00bb1&#8243; _builder_version=\u00bb4.27.2&#8243; _module_preset=\u00bbdefault\u00bb custom_padding=\u00bb2px||1px|||\u00bb global_colors_info=\u00bb{}\u00bb][et_pb_row column_structure=\u00bb1_2,1_2&#8243; use_custom_gutter=\u00bbon\u00bb make_equal=\u00bbon\u00bb _builder_version=\u00bb4.27.2&#8243; _module_preset=\u00bbdefault\u00bb width=\u00bb100%\u00bb max_width=\u00bb100%\u00bb custom_margin=\u00bb-6px|auto||auto||\u00bb custom_padding=\u00bb0px||0px|||\u00bb global_colors_info=\u00bb{}\u00bb][et_pb_column type=\u00bb1_2&#8243; disabled_on=\u00bbon|on|off\u00bb _builder_version=\u00bb4.27.2&#8243; _module_preset=\u00bbdefault\u00bb global_colors_info=\u00bb{}\u00bb][et_pb_image src=\u00bbhttps:\/\/lovingmaldivas.es\/wp-content\/uploads\/2024\/10\/aventura.jpg\u00bb title_text=\u00bbaventura\u00bb _builder_version=\u00bb4.27.2&#8243; _module_preset=\u00bbdefault\u00bb global_colors_info=\u00bb{}\u00bb][\/et_pb_image][\/et_pb_column][et_pb_column type=\u00bb1_2&#8243; _builder_version=\u00bb4.27.2&#8243; _module_preset=\u00bbdefault\u00bb custom_css_main_element=\u00bbmargin: auto;\u00bb global_colors_info=\u00bb{}\u00bb][et_pb_text _builder_version=\u00bb4.27.2&#8243; _module_preset=\u00bbdefault\u00bb header_2_font=\u00bb|600|||||||\u00bb header_2_text_color=\u00bb#ffcc05&#8243; header_2_font_size=\u00bb50px\u00bb custom_margin=\u00bb|50px||50px|false|false\u00bb custom_margin_tablet=\u00bb|50px||50px|false|false\u00bb custom_margin_phone=\u00bb|10px||10px|false|true\u00bb custom_margin_last_edited=\u00bbon|phone\u00bb custom_padding=\u00bb25px|10px|25px|10px|true|true\u00bb global_colors_info=\u00bb{}\u00bb]<\/p>\n<h2 style=\"text-align: center;\">Pack Aventura<\/h2>\n<p>[\/et_pb_text][et_pb_text _builder_version=\u00bb4.27.2&#8243; _module_preset=\u00bbdefault\u00bb header_3_font=\u00bb|600|||||||\u00bb header_3_text_color=\u00bb#000000&#8243; custom_margin_tablet=\u00bb\u00bb custom_margin_phone=\u00bb|10px||10px|false|true\u00bb custom_margin_last_edited=\u00bbon|phone\u00bb custom_padding=\u00bb25px|10px|25px|10px|true|true\u00bb global_colors_info=\u00bb{}\u00bb]<\/p>\n<h3 style=\"text-align: center;\"><em>Para Los Intr\u00e9pidos<br \/><\/em><\/h3>\n<p>[\/et_pb_text][et_pb_text _builder_version=\u00bb4.27.2&#8243; _module_preset=\u00bbdefault\u00bb custom_margin=\u00bb|50px||50px|false|true\u00bb custom_margin_tablet=\u00bb|50px||50px|false|true\u00bb custom_margin_phone=\u00bb|10px||10px|false|true\u00bb custom_margin_last_edited=\u00bbon|phone\u00bb custom_padding=\u00bb25px|10px|25px|10px|true|true\u00bb global_colors_info=\u00bb{}\u00bb]<\/p>\n<p style=\"text-align: center;\">Si tu ADN te pide altas dosis de adrenalina, es momento de que sepas que tambi\u00e9n en Maldivas puedes conseguirlo. \u00bfQu\u00e9 te parece si a tus 8 d\u00edas y 7 noches en el Hotel 4* Arena Beach le a\u00f1adimos una excursi\u00f3n para nadar con tiburones y una escapada para practicar Snorkel en 3 puntos distintos?<\/p>\n<p style=\"text-align: center;\"><strong>Desde 670\u20ac por persona<\/strong><\/p>\n<p>[\/et_pb_text][et_pb_button button_text=\u00bbVER PACK\u00bb _builder_version=\u00bb4.27.2&#8243; _module_preset=\u00bbdefault\u00bb button_alignment=\u00bbcenter\u00bb custom_button=\u00bbon\u00bb button_text_size=\u00bb15px\u00bb custom_margin=\u00bb10px||||false|false\u00bb hover_enabled=\u00bb0&#8243; sticky_enabled=\u00bb0&#8243; button_url=\u00bb\/index.php\/producto\/pack-aventura\/\u00bb][\/et_pb_button][et_pb_image src=\u00bbhttps:\/\/lovingmaldivas.es\/wp-content\/uploads\/2024\/10\/aventura.jpg\u00bb title_text=\u00bbaventura\u00bb disabled_on=\u00bboff|off|on\u00bb _builder_version=\u00bb4.27.2&#8243; _module_preset=\u00bbdefault\u00bb custom_margin_tablet=\u00bb\u00bb custom_margin_phone=\u00bb\u00bb custom_margin_last_edited=\u00bbon|phone\u00bb custom_padding=\u00bb25px||25px||true|false\u00bb global_colors_info=\u00bb{}\u00bb][\/et_pb_image][\/et_pb_column][\/et_pb_row][\/et_pb_section][et_pb_section fb_built=\u00bb1&#8243; _builder_version=\u00bb4.27.2&#8243; _module_preset=\u00bbdefault\u00bb custom_margin=\u00bb-2px|||||\u00bb custom_padding=\u00bb1px||0px|||\u00bb global_colors_info=\u00bb{}\u00bb][et_pb_row column_structure=\u00bb1_2,1_2&#8243; use_custom_gutter=\u00bbon\u00bb make_equal=\u00bbon\u00bb _builder_version=\u00bb4.27.2&#8243; _module_preset=\u00bbdefault\u00bb width=\u00bb100%\u00bb max_width=\u00bb100%\u00bb custom_padding=\u00bb0px||4px|||\u00bb global_colors_info=\u00bb{}\u00bb][et_pb_column type=\u00bb1_2&#8243; _builder_version=\u00bb4.27.2&#8243; _module_preset=\u00bbdefault\u00bb custom_css_main_element=\u00bbmargin: auto;\u00bb global_colors_info=\u00bb{}\u00bb][et_pb_text _builder_version=\u00bb4.27.2&#8243; _module_preset=\u00bbdefault\u00bb header_2_font=\u00bb|600|||||||\u00bb header_2_text_color=\u00bb#ffcc05&#8243; header_2_font_size=\u00bb50px\u00bb custom_margin=\u00bb|50px||50px|false|false\u00bb custom_margin_tablet=\u00bb|50px||50px|false|false\u00bb custom_margin_phone=\u00bb|10px||10px|false|true\u00bb custom_margin_last_edited=\u00bbon|phone\u00bb custom_padding=\u00bb25px|10px|25px|10px|true|true\u00bb global_colors_info=\u00bb{}\u00bb]<\/p>\n<h2 style=\"text-align: center;\">Pack Rom\u00e1ntico<\/h2>\n<p>[\/et_pb_text][et_pb_text _builder_version=\u00bb4.27.2&#8243; _module_preset=\u00bbdefault\u00bb header_3_font=\u00bb|600|||||||\u00bb header_3_text_color=\u00bb#000000&#8243; custom_margin_tablet=\u00bb\u00bb custom_margin_phone=\u00bb|10px||10px|false|true\u00bb custom_margin_last_edited=\u00bbon|phone\u00bb custom_padding=\u00bb25px|10px|25px|10px|true|true\u00bb global_colors_info=\u00bb{}\u00bb]<\/p>\n<h3 style=\"text-align: center;\"><em>Enam\u00f3rate en turquesa<\/em><\/h3>\n<p>[\/et_pb_text][et_pb_text _builder_version=\u00bb4.27.2&#8243; _module_preset=\u00bbdefault\u00bb custom_margin=\u00bb|50px||50px|false|true\u00bb custom_margin_tablet=\u00bb|50px||50px|false|true\u00bb custom_margin_phone=\u00bb|10px||10px|false|true\u00bb custom_margin_last_edited=\u00bbon|phone\u00bb custom_padding=\u00bb|10px|25px|10px|false|true\u00bb global_colors_info=\u00bb{}\u00bb]<\/p>\n<p style=\"text-align: center;\">\u00bfCrees que no puedes estar m\u00e1s enamorada\/o? Imag\u00ednate si encima vives ese amor alocado con una Cena Rom\u00e1ntica en una playa de Maafushi y disfrut\u00e1is de una m\u00e1gica excursi\u00f3n de pesca al atardecer en las id\u00edlicas aguas cristalinas.<\/p>\n<p style=\"text-align: center;\"><strong>Desde 650\u20ac por persona<\/strong><\/p>\n<p>[\/et_pb_text][et_pb_button button_text=\u00bbVER PACK\u00bb _builder_version=\u00bb4.27.2&#8243; _module_preset=\u00bbdefault\u00bb button_alignment=\u00bbcenter\u00bb custom_button=\u00bbon\u00bb button_text_size=\u00bb15px\u00bb custom_margin=\u00bb10px||||false|false\u00bb hover_enabled=\u00bb0&#8243; sticky_enabled=\u00bb0&#8243; button_url=\u00bb\/index.php\/producto\/pack-romantico\/\u00bb][\/et_pb_button][\/et_pb_column][et_pb_column type=\u00bb1_2&#8243; _builder_version=\u00bb4.27.2&#8243; _module_preset=\u00bbdefault\u00bb global_colors_info=\u00bb{}\u00bb][et_pb_image src=\u00bbhttps:\/\/lovingmaldivas.es\/wp-content\/uploads\/2024\/10\/romantico.jpg\u00bb title_text=\u00bbromantico\u00bb _builder_version=\u00bb4.27.2&#8243; _module_preset=\u00bbdefault\u00bb global_colors_info=\u00bb{}\u00bb][\/et_pb_image][\/et_pb_column][\/et_pb_row][\/et_pb_section][et_pb_section fb_built=\u00bb1&#8243; _builder_version=\u00bb4.27.2&#8243; _module_preset=\u00bbdefault\u00bb custom_padding=\u00bb2px||0px|||\u00bb global_colors_info=\u00bb{}\u00bb][et_pb_row column_structure=\u00bb1_2,1_2&#8243; use_custom_gutter=\u00bbon\u00bb make_equal=\u00bbon\u00bb _builder_version=\u00bb4.27.2&#8243; _module_preset=\u00bbdefault\u00bb width=\u00bb100%\u00bb max_width=\u00bb100%\u00bb custom_margin=\u00bb-6px|auto||auto||\u00bb custom_padding=\u00bb0px||0px|||\u00bb global_colors_info=\u00bb{}\u00bb][et_pb_column type=\u00bb1_2&#8243; disabled_on=\u00bbon|on|off\u00bb _builder_version=\u00bb4.27.2&#8243; _module_preset=\u00bbdefault\u00bb global_colors_info=\u00bb{}\u00bb][et_pb_image src=\u00bbhttps:\/\/lovingmaldivas.es\/wp-content\/uploads\/2018\/06\/Pack-Loving-Deluxe.jpg\u00bb title_text=\u00bbPack Loving Deluxe\u00bb _builder_version=\u00bb4.27.2&#8243; _module_preset=\u00bbdefault\u00bb global_colors_info=\u00bb{}\u00bb][\/et_pb_image][\/et_pb_column][et_pb_column type=\u00bb1_2&#8243; _builder_version=\u00bb4.27.2&#8243; _module_preset=\u00bbdefault\u00bb custom_css_main_element=\u00bbmargin: auto;\u00bb global_colors_info=\u00bb{}\u00bb][et_pb_text _builder_version=\u00bb4.27.2&#8243; _module_preset=\u00bbdefault\u00bb header_2_font=\u00bb|600|||||||\u00bb header_2_text_color=\u00bb#ffcc05&#8243; header_2_font_size=\u00bb50px\u00bb custom_margin=\u00bb|50px||50px|false|false\u00bb custom_margin_tablet=\u00bb|50px||50px|false|false\u00bb custom_margin_phone=\u00bb|10px||10px|false|true\u00bb custom_margin_last_edited=\u00bbon|phone\u00bb custom_padding=\u00bb25px|10px|25px|10px|true|true\u00bb global_colors_info=\u00bb{}\u00bb]<\/p>\n<h2 style=\"text-align: center;\">Pack Deluxe<\/h2>\n<p>[\/et_pb_text][et_pb_text _builder_version=\u00bb4.27.2&#8243; _module_preset=\u00bbdefault\u00bb header_3_font=\u00bb|600|||||||\u00bb header_3_text_color=\u00bb#000000&#8243; custom_padding=\u00bb||25px||false|false\u00bb global_colors_info=\u00bb{}\u00bb]<\/p>\n<h3 style=\"text-align: center;\"><em>Date Ese Capricho<\/p>\n<p><\/em><\/h3>\n<p>[\/et_pb_text][et_pb_text _builder_version=\u00bb4.27.2&#8243; _module_preset=\u00bbdefault\u00bb custom_margin=\u00bb|50px||50px|false|true\u00bb custom_margin_tablet=\u00bb|50px||50px|false|true\u00bb custom_margin_phone=\u00bb|10px||10px|false|true\u00bb custom_margin_last_edited=\u00bbon|phone\u00bb custom_padding=\u00bb25px|10px|25px|10px|true|true\u00bb global_colors_info=\u00bb{}\u00bb]<\/p>\n<p>Si no quieres renunciar a nada sin duda este es tu pack. 5 noches en el Hotel 4* Arena Beach m\u00e1s 2 noches en el Hotel Olhuveli Beach &amp; Spa Resort 4*Superior. Si siempre has so\u00f1ado en despertarte en una caba\u00f1a frente al agua cristalina \u00e9sta es tu oportunidad.<\/p>\n<p style=\"text-align: center;\"><strong>Desde 1450\u20ac por persona<\/strong><\/p>\n<p>[\/et_pb_text][et_pb_button button_text=\u00bbVER PACK\u00bb _builder_version=\u00bb4.27.2&#8243; _module_preset=\u00bbdefault\u00bb button_alignment=\u00bbcenter\u00bb custom_button=\u00bbon\u00bb button_text_size=\u00bb15px\u00bb custom_margin=\u00bb10px||||false|false\u00bb hover_enabled=\u00bb0&#8243; sticky_enabled=\u00bb0&#8243; button_url=\u00bb\/index.php\/producto\/pack-deluxe\/\u00bb][\/et_pb_button][et_pb_image src=\u00bbhttps:\/\/lovingmaldivas.es\/wp-content\/uploads\/2018\/06\/8.jpg\u00bb title_text=\u00bb8&#8243; disabled_on=\u00bboff|off|on\u00bb _builder_version=\u00bb4.27.2&#8243; _module_preset=\u00bbdefault\u00bb custom_margin_tablet=\u00bb\u00bb custom_margin_phone=\u00bb\u00bb custom_margin_last_edited=\u00bbon|phone\u00bb custom_padding=\u00bb25px||||false|false\u00bb global_colors_info=\u00bb{}\u00bb][\/et_pb_image][\/et_pb_column][\/et_pb_row][\/et_pb_section]<\/p>\n","protected":false},"excerpt":{"rendered":"<p>Sabemos que hay distintas maneras de viajar a Maldivas, por eso en Loving Maldivas queremos que elijas el mejor Pack para tus vacaciones.Pack Loving MaldivasEl Equilibrio PerfectoEste Pack tiene los ingredientes perfectos. 8 d\u00edas y 7 noches en el Hotel 4* Arena Beach y 3 excursiones incluidas. Una excursi\u00f3n donde pasaremos un d\u00eda entero en [&hellip;]<\/p>\n","protected":false},"author":1,"featured_media":0,"parent":0,"menu_order":0,"comment_status":"closed","ping_status":"closed","template":"","meta":{"_et_pb_use_builder":"on","_et_pb_old_content":"","_et_gb_content_width":"","footnotes":""},"class_list":["post-73","page","type-page","status-publish","hentry"],"yoast_head":"<!-- This site is optimized with the Yoast SEO plugin v27.2 - https:\/\/yoast.com\/product\/yoast-seo-wordpress\/ -->\n<title>Packs de viajes a las islas maldivas - Loving Maldivas<\/title>\n<meta name=\"robots\" content=\"index, follow, max-snippet:-1, max-image-preview:large, max-video-preview:-1\" \/>\n<link rel=\"canonical\" href=\"https:\/\/lovingmaldivas.es\/index.php\/packs-de-viajes-a-las-islas-maldivas\/\" \/>\n<meta property=\"og:locale\" content=\"es_ES\" \/>\n<meta property=\"og:type\" content=\"article\" \/>\n<meta property=\"og:title\" content=\"Packs de viajes a las islas maldivas - Loving Maldivas\" \/>\n<meta property=\"og:description\" content=\"Sabemos que hay distintas maneras de viajar a Maldivas, por eso en Loving Maldivas queremos que elijas el mejor Pack para tus vacaciones.Pack Loving MaldivasEl Equilibrio PerfectoEste Pack tiene los ingredientes perfectos. 8 d\u00edas y 7 noches en el Hotel 4* Arena Beach y 3 excursiones incluidas. Una excursi\u00f3n donde pasaremos un d\u00eda entero en [&hellip;]\" \/>\n<meta property=\"og:url\" content=\"https:\/\/lovingmaldivas.es\/index.php\/packs-de-viajes-a-las-islas-maldivas\/\" \/>\n<meta property=\"og:site_name\" content=\"Loving Maldivas\" \/>\n<meta property=\"article:publisher\" content=\"https:\/\/www.facebook.com\/loving.maldivas\" \/>\n<meta property=\"article:modified_time\" content=\"2024-12-04T13:01:32+00:00\" \/>\n<meta name=\"twitter:card\" content=\"summary_large_image\" \/>\n<meta name=\"twitter:site\" content=\"@lovingmaldivas\" \/>\n<meta name=\"twitter:label1\" content=\"Tiempo de lectura\" \/>\n\t<meta name=\"twitter:data1\" content=\"8 minutos\" \/>\n<script type=\"application\/ld+json\" class=\"yoast-schema-graph\">{\"@context\":\"https:\/\/schema.org\",\"@graph\":[{\"@type\":\"WebPage\",\"@id\":\"https:\/\/lovingmaldivas.es\/index.php\/packs-de-viajes-a-las-islas-maldivas\/\",\"url\":\"https:\/\/lovingmaldivas.es\/index.php\/packs-de-viajes-a-las-islas-maldivas\/\",\"name\":\"Packs de viajes a las islas maldivas - Loving Maldivas\",\"isPartOf\":{\"@id\":\"https:\/\/lovingmaldivas.es\/#website\"},\"datePublished\":\"2024-10-29T10:40:01+00:00\",\"dateModified\":\"2024-12-04T13:01:32+00:00\",\"breadcrumb\":{\"@id\":\"https:\/\/lovingmaldivas.es\/index.php\/packs-de-viajes-a-las-islas-maldivas\/#breadcrumb\"},\"inLanguage\":\"es\",\"potentialAction\":[{\"@type\":\"ReadAction\",\"target\":[\"https:\/\/lovingmaldivas.es\/index.php\/packs-de-viajes-a-las-islas-maldivas\/\"]}]},{\"@type\":\"BreadcrumbList\",\"@id\":\"https:\/\/lovingmaldivas.es\/index.php\/packs-de-viajes-a-las-islas-maldivas\/#breadcrumb\",\"itemListElement\":[{\"@type\":\"ListItem\",\"position\":1,\"name\":\"Portada\",\"item\":\"https:\/\/lovingmaldivas.es\/\"},{\"@type\":\"ListItem\",\"position\":2,\"name\":\"Packs de viajes a las islas maldivas\"}]},{\"@type\":\"WebSite\",\"@id\":\"https:\/\/lovingmaldivas.es\/#website\",\"url\":\"https:\/\/lovingmaldivas.es\/\",\"name\":\"Loving Maldivas\",\"description\":\"Especialistas en viajes y vacaciones a las Islas Maldivas\",\"publisher\":{\"@id\":\"https:\/\/lovingmaldivas.es\/#organization\"},\"potentialAction\":[{\"@type\":\"SearchAction\",\"target\":{\"@type\":\"EntryPoint\",\"urlTemplate\":\"https:\/\/lovingmaldivas.es\/?s={search_term_string}\"},\"query-input\":{\"@type\":\"PropertyValueSpecification\",\"valueRequired\":true,\"valueName\":\"search_term_string\"}}],\"inLanguage\":\"es\"},{\"@type\":\"Organization\",\"@id\":\"https:\/\/lovingmaldivas.es\/#organization\",\"name\":\"Loving Maldivas\",\"url\":\"https:\/\/lovingmaldivas.es\/\",\"logo\":{\"@type\":\"ImageObject\",\"inLanguage\":\"es\",\"@id\":\"https:\/\/lovingmaldivas.es\/#\/schema\/logo\/image\/\",\"url\":\"https:\/\/lovingmaldivas.es\/wp-content\/uploads\/2024\/10\/logo2.png\",\"contentUrl\":\"https:\/\/lovingmaldivas.es\/wp-content\/uploads\/2024\/10\/logo2.png\",\"width\":256,\"height\":82,\"caption\":\"Loving Maldivas\"},\"image\":{\"@id\":\"https:\/\/lovingmaldivas.es\/#\/schema\/logo\/image\/\"},\"sameAs\":[\"https:\/\/www.facebook.com\/loving.maldivas\",\"https:\/\/x.com\/lovingmaldivas\",\"https:\/\/www.instagram.com\/lovingmaldivas\/\"]}]}<\/script>\n<!-- \/ Yoast SEO plugin. -->","yoast_head_json":{"title":"Packs de viajes a las islas maldivas - Loving Maldivas","robots":{"index":"index","follow":"follow","max-snippet":"max-snippet:-1","max-image-preview":"max-image-preview:large","max-video-preview":"max-video-preview:-1"},"canonical":"https:\/\/lovingmaldivas.es\/index.php\/packs-de-viajes-a-las-islas-maldivas\/","og_locale":"es_ES","og_type":"article","og_title":"Packs de viajes a las islas maldivas - Loving Maldivas","og_description":"Sabemos que hay distintas maneras de viajar a Maldivas, por eso en Loving Maldivas queremos que elijas el mejor Pack para tus vacaciones.Pack Loving MaldivasEl Equilibrio PerfectoEste Pack tiene los ingredientes perfectos. 8 d\u00edas y 7 noches en el Hotel 4* Arena Beach y 3 excursiones incluidas. Una excursi\u00f3n donde pasaremos un d\u00eda entero en [&hellip;]","og_url":"https:\/\/lovingmaldivas.es\/index.php\/packs-de-viajes-a-las-islas-maldivas\/","og_site_name":"Loving Maldivas","article_publisher":"https:\/\/www.facebook.com\/loving.maldivas","article_modified_time":"2024-12-04T13:01:32+00:00","twitter_card":"summary_large_image","twitter_site":"@lovingmaldivas","twitter_misc":{"Tiempo de lectura":"8 minutos"},"schema":{"@context":"https:\/\/schema.org","@graph":[{"@type":"WebPage","@id":"https:\/\/lovingmaldivas.es\/index.php\/packs-de-viajes-a-las-islas-maldivas\/","url":"https:\/\/lovingmaldivas.es\/index.php\/packs-de-viajes-a-las-islas-maldivas\/","name":"Packs de viajes a las islas maldivas - Loving Maldivas","isPartOf":{"@id":"https:\/\/lovingmaldivas.es\/#website"},"datePublished":"2024-10-29T10:40:01+00:00","dateModified":"2024-12-04T13:01:32+00:00","breadcrumb":{"@id":"https:\/\/lovingmaldivas.es\/index.php\/packs-de-viajes-a-las-islas-maldivas\/#breadcrumb"},"inLanguage":"es","potentialAction":[{"@type":"ReadAction","target":["https:\/\/lovingmaldivas.es\/index.php\/packs-de-viajes-a-las-islas-maldivas\/"]}]},{"@type":"BreadcrumbList","@id":"https:\/\/lovingmaldivas.es\/index.php\/packs-de-viajes-a-las-islas-maldivas\/#breadcrumb","itemListElement":[{"@type":"ListItem","position":1,"name":"Portada","item":"https:\/\/lovingmaldivas.es\/"},{"@type":"ListItem","position":2,"name":"Packs de viajes a las islas maldivas"}]},{"@type":"WebSite","@id":"https:\/\/lovingmaldivas.es\/#website","url":"https:\/\/lovingmaldivas.es\/","name":"Loving Maldivas","description":"Especialistas en viajes y vacaciones a las Islas Maldivas","publisher":{"@id":"https:\/\/lovingmaldivas.es\/#organization"},"potentialAction":[{"@type":"SearchAction","target":{"@type":"EntryPoint","urlTemplate":"https:\/\/lovingmaldivas.es\/?s={search_term_string}"},"query-input":{"@type":"PropertyValueSpecification","valueRequired":true,"valueName":"search_term_string"}}],"inLanguage":"es"},{"@type":"Organization","@id":"https:\/\/lovingmaldivas.es\/#organization","name":"Loving Maldivas","url":"https:\/\/lovingmaldivas.es\/","logo":{"@type":"ImageObject","inLanguage":"es","@id":"https:\/\/lovingmaldivas.es\/#\/schema\/logo\/image\/","url":"https:\/\/lovingmaldivas.es\/wp-content\/uploads\/2024\/10\/logo2.png","contentUrl":"https:\/\/lovingmaldivas.es\/wp-content\/uploads\/2024\/10\/logo2.png","width":256,"height":82,"caption":"Loving Maldivas"},"image":{"@id":"https:\/\/lovingmaldivas.es\/#\/schema\/logo\/image\/"},"sameAs":["https:\/\/www.facebook.com\/loving.maldivas","https:\/\/x.com\/lovingmaldivas","https:\/\/www.instagram.com\/lovingmaldivas\/"]}]}},"_links":{"self":[{"href":"https:\/\/lovingmaldivas.es\/index.php\/wp-json\/wp\/v2\/pages\/73","targetHints":{"allow":["GET"]}}],"collection":[{"href":"https:\/\/lovingmaldivas.es\/index.php\/wp-json\/wp\/v2\/pages"}],"about":[{"href":"https:\/\/lovingmaldivas.es\/index.php\/wp-json\/wp\/v2\/types\/page"}],"author":[{"embeddable":true,"href":"https:\/\/lovingmaldivas.es\/index.php\/wp-json\/wp\/v2\/users\/1"}],"replies":[{"embeddable":true,"href":"https:\/\/lovingmaldivas.es\/index.php\/wp-json\/wp\/v2\/comments?post=73"}],"version-history":[{"count":26,"href":"https:\/\/lovingmaldivas.es\/index.php\/wp-json\/wp\/v2\/pages\/73\/revisions"}],"predecessor-version":[{"id":17947,"href":"https:\/\/lovingmaldivas.es\/index.php\/wp-json\/wp\/v2\/pages\/73\/revisions\/17947"}],"wp:attachment":[{"href":"https:\/\/lovingmaldivas.es\/index.php\/wp-json\/wp\/v2\/media?parent=73"}],"curies":[{"name":"wp","href":"https:\/\/api.w.org\/{rel}","templated":true}]}}