{"id":17937,"date":"2024-12-04T12:41:01","date_gmt":"2024-12-04T12:41:01","guid":{"rendered":"https:\/\/lovingmaldivas.es\/?post_type=product&#038;p=17937"},"modified":"2024-12-04T15:17:23","modified_gmt":"2024-12-04T15:17:23","slug":"pack-deluxe","status":"publish","type":"product","link":"https:\/\/lovingmaldivas.es\/index.php\/producto\/pack-deluxe\/","title":{"rendered":"Pack Deluxe"},"content":{"rendered":"<p>[et_pb_section fb_built=\u00bb1&#8243; fullwidth=\u00bbon\u00bb _builder_version=\u00bb4.27.2&#8243; _module_preset=\u00bbdefault\u00bb width=\u00bb100%\u00bb max_width=\u00bb100%\u00bb global_colors_info=\u00bb{}\u00bb][et_pb_fullwidth_post_title meta=\u00bboff\u00bb featured_image=\u00bboff\u00bb _builder_version=\u00bb4.27.2&#8243; _module_preset=\u00bbdefault\u00bb title_text_align=\u00bbcenter\u00bb title_text_color=\u00bb#FFFFFF\u00bb title_font_size=\u00bb40px\u00bb background_color=\u00bb#aedddd\u00bb custom_padding=\u00bb||61px|||\u00bb title_font_size_tablet=\u00bb40px\u00bb title_font_size_phone=\u00bb30px\u00bb title_font_size_last_edited=\u00bbon|phone\u00bb global_colors_info=\u00bb{}\u00bb][\/et_pb_fullwidth_post_title][\/et_pb_section][et_pb_section fb_built=\u00bb1&#8243; _builder_version=\u00bb4.27.2&#8243; _module_preset=\u00bbdefault\u00bb custom_margin=\u00bb0px||||false|false\u00bb custom_padding=\u00bb0px||||false|false\u00bb global_colors_info=\u00bb{}\u00bb][et_pb_row _builder_version=\u00bb4.27.2&#8243; _module_preset=\u00bbdefault\u00bb width=\u00bb100%\u00bb max_width=\u00bb100%\u00bb custom_padding=\u00bb0px|||||\u00bb global_colors_info=\u00bb{}\u00bb][et_pb_column type=\u00bb4_4&#8243; _builder_version=\u00bb4.27.2&#8243; _module_preset=\u00bbdefault\u00bb global_colors_info=\u00bb{}\u00bb][et_pb_image src=\u00bbhttps:\/\/lovingmaldivas.es\/wp-content\/uploads\/2024\/11\/packssuperior.jpg\u00bb title_text=\u00bbpackssuperior\u00bb _builder_version=\u00bb4.27.2&#8243; _module_preset=\u00bbdefault\u00bb global_colors_info=\u00bb{}\u00bb][\/et_pb_image][\/et_pb_column][\/et_pb_row][et_pb_row _builder_version=\u00bb4.27.2&#8243; _module_preset=\u00bbdefault\u00bb width=\u00bb100%\u00bb max_width=\u00bb100%\u00bb global_colors_info=\u00bb{}\u00bb][et_pb_column type=\u00bb4_4&#8243; _builder_version=\u00bb4.27.2&#8243; _module_preset=\u00bbdefault\u00bb global_colors_info=\u00bb{}\u00bb][et_pb_tabs active_tab_text_color=\u00bb#8dced0&#8243; _builder_version=\u00bb4.27.2&#8243; _module_preset=\u00bbdefault\u00bb tab_text_color=\u00bb#000000&#8243; tab_font_size=\u00bb13px\u00bb custom_margin=\u00bb||||false|false\u00bb global_colors_info=\u00bb{}\u00bb][et_pb_tab title=\u00bbDESCRIPCI\u00d3N\u00bb _builder_version=\u00bb4.27.2&#8243; _module_preset=\u00bbdefault\u00bb global_colors_info=\u00bb{}\u00bb]<\/p>\n<div class=\"vc_row wpb_row vc_row-fluid\">\n<div class=\"wpb_column vc_column_container vc_col-sm-12\">\n<div class=\"vc_column-inner\">\n<div class=\"wpb_wrapper\">\n<div class=\"wpb_text_column wpb_content_element\">\n<div class=\"wpb_wrapper\">\n<h4>El capricho que siempre hab\u00edas imaginado.<\/h4>\n<p class=\"txt_iconos\"><strong>8 D\u00edas y 7 Noches<span> &#8211;<\/span><span class=\"mkdf-icon-shortcode normal   mkdf-icon-tiny\" data-color=\"#66cccc\"><i class=\"mkdf-icon-font-awesome fa fa-h-square mkdf-icon-element\"><\/i><\/span><span> 5N en <\/span>Hotel 4*\u00a0<\/strong><span class=\"mkdf-icon-shortcode normal   mkdf-icon-tiny\" data-color=\"#66cccc\"><i class=\"mkdf-icon-font-awesome fa fa-utensils mkdf-icon-element\"><\/i><\/span><strong>Media Pensi\u00f3n &#8211; <\/strong><span class=\"mkdf-icon-shortcode normal   mkdf-icon-tiny\" data-color=\"#66cccc\"><i class=\"mkdf-icon-font-awesome fa fa-umbrella-beach mkdf-icon-element\"><\/i><\/span>\u00a0<strong>2N en Resort Todo Incluido &#8211; <\/strong><span class=\"mkdf-icon-shortcode normal   mkdf-icon-tiny\" data-color=\"#66cccc\"><i class=\"mkdf-icon-font-awesome fa fa fa-fish mkdf-icon-element\"><\/i><\/span>\u00a0<strong>Lujo<\/strong><\/p>\n<p>\u00bfTe gustar\u00eda ser tu el protagonista en esas id\u00edlicas fotograf\u00edas en una caba\u00f1a frente a las cristalinas aguas de Maldivas? Elige este pack. Disfrutar\u00e1s de 5 noches en el extraordinario Hotel Arena Beach y terminar\u00e1s con 2 noches m\u00e1s en el Hotel Olhuveli Beach&amp;Spa. S\u00ed, en una de esas caba\u00f1as frente al mar! Adem\u00e1s, este pack de incluye una Excursi\u00f3n a 3 puntos Snorkel. \u00a1Si quieres m\u00e1s Excursiones o Actividades, s\u00f3lo tienes que a\u00f1adirlas!<\/p>\n<p>&nbsp;<\/p>\n<\/div>\n<\/div>\n<\/div>\n<\/div>\n<\/div>\n<\/div>\n<div>\n<p><strong>Qu\u00e9 incluye:<\/strong><\/p>\n<ul class=\"three-columns\">\n<li>Transfer ida\/vuelta del aeropuerto de Mal\u00e9 al Hotel.<\/li>\n<li>Tasas e impuestos incluidos<\/li>\n<\/ul>\n<\/div>\n<div>\n<p><strong>Excursiones incluidas:<\/strong><\/p>\n<ul class=\"three-columns\">\n<li>3 puntos Snorkel<\/li>\n<\/ul>\n<\/div>\n<div>\n<p><strong>Qu\u00e9 no incluye:<\/strong><\/p>\n<ul class=\"three-columns red-icons\">\n<li>Todos los Packs est\u00e1n sujetos a un m\u00ednimo de 2 personas.<\/li>\n<li>Seguro m\u00e9dico, de viaje y cancelaci\u00f3n<\/li>\n<li>Vuelos.<\/li>\n<\/ul>\n<\/div>\n<p>[\/et_pb_tab][et_pb_tab title=\u00bbHOTEL\u00bb _builder_version=\u00bb4.27.2&#8243; _module_preset=\u00bbdefault\u00bb global_colors_info=\u00bb{}\u00bb]<\/p>\n<h3>ARENA BEACH HOTEL ****<\/h3>\n<div class=\"txt_hotel\">\n<p><img loading=\"lazy\" decoding=\"async\" class=\"alignnone wp-image-2654 size-medium\" src=\"https:\/\/lovingmaldivas.es\/wp-content\/uploads\/2018\/02\/Webp.net-resizeimage.jpg\" alt=\"\" width=\"300\" height=\"200\" \/><\/p>\n<p>Arena Beach Hotel es un hotel de 4 estrellas en primera l\u00ednea de mar que se encuentra en el atol\u00f3n sur de Mal\u00e9, en la isla local de Maafushi.<\/p>\n<p>El Hotel dispone de recepci\u00f3n 24 horas y consta de 6 plantas y 50 habitaciones. Todas sus habitaciones disponen de wifi gratuito, aire acondicionado, caja fuerte, hervidor el\u00e9ctrico, armario, TV con pantalla plana, ba\u00f1o privado y secador de pelo. Las habitaciones pueden ser dobles o triples, y con balc\u00f3n con impresionantes vistas al mar o a la isla Maafushi.<\/p>\n<p>El Arena Beach Hotel cuenta con uno de los mejores restaurantes de la isla que se encuentra en la arena de la playa y donde se ofrece comida local y occidental. Tanto el desayuno como la cena son tipo buffet con gran variedad de platos.<\/p>\n<p>Rod\u00e9ate de todas las comodidades que te pueden brindar unas vacaciones en una isla local.<\/p>\n<div>\n<p><strong>Qu\u00e9 incluye:<\/strong><\/p>\n<ul class=\"three-columns\">\n<li>Cocktail de bienvenida<\/li>\n<li><span>Hotel Media Pensi\u00f3n + Resort Todo Inclu\u00eddo<\/span><br \/><span class=\"mkdf-icon-shortcode normal   mkdf-icon-tiny\" data-color=\"#81cbca\"><\/span><\/li>\n<li>Habitaci\u00f3n con balc\u00f3n<\/li>\n<li>Transporte de maletas al hotel<\/li>\n<li>Uso gratuito de bicicletas<\/li>\n<li>Wifi gratuito<\/li>\n<li>TV plana<\/li>\n<li>Secador de pelo<\/li>\n<li>Toallas de ba\u00f1o<\/li>\n<li>Toallas para la playa<\/li>\n<li>Caja fuerte<\/li>\n<\/ul>\n<\/div>\n<\/div>\n<p>[\/et_pb_tab][\/et_pb_tabs][\/et_pb_column][\/et_pb_row][et_pb_row _builder_version=\u00bb4.27.2&#8243; _module_preset=\u00bbdefault\u00bb width=\u00bb100%\u00bb max_width=\u00bb100%\u00bb global_colors_info=\u00bb{}\u00bb][et_pb_column type=\u00bb4_4&#8243; _builder_version=\u00bb4.27.2&#8243; _module_preset=\u00bbdefault\u00bb global_colors_info=\u00bb{}\u00bb][et_pb_wc_related_products include_categories=\u00bb20&#8243; _builder_version=\u00bb4.27.2&#8243; _module_preset=\u00bbdefault\u00bb title_text_color=\u00bb#000000&#8243; product_title_text_color=\u00bb#000000&#8243; global_colors_info=\u00bb{}\u00bb][\/et_pb_wc_related_products][\/et_pb_column][\/et_pb_row][\/et_pb_section]<\/p>\n","protected":false},"excerpt":{"rendered":"<div class=\"styles-section-title styles-selector\">\n<p>8 D\u00edas y 7 Noches + Hotel 4*<\/p>\n<p>1 Excursion incluidas<\/p>\n<p>Traslados + Seguros<\/p>\n<\/div>\n","protected":false},"featured_media":45,"comment_status":"open","ping_status":"closed","template":"","meta":{"_et_pb_use_builder":"on","_et_pb_old_content":"\u00bfTe gustar\u00eda ser tu el protagonista en esas id\u00edlicas fotograf\u00edas en una caba\u00f1a frente a las cristalinas aguas de Maldivas? Elige este pack. Disfrutar\u00e1s de 5 noches en el extraordinario Hotel Arena Beach y terminar\u00e1s con 2 noches m\u00e1s en el Hotel Olhuveli Beach&amp;Spa. S\u00ed, en una de esas caba\u00f1as frente al mar! Adem\u00e1s, este pack de incluye una Excursi\u00f3n a 3 puntos Snorkel. \u00a1Si quieres m\u00e1s Excursiones o Actividades, s\u00f3lo tienes que a\u00f1adirlas!","_et_gb_content_width":""},"product_brand":[],"product_cat":[20],"product_tag":[],"class_list":{"0":"post-17937","1":"product","2":"type-product","3":"status-publish","4":"has-post-thumbnail","6":"product_cat-pack","8":"first","9":"instock","10":"virtual","11":"purchasable","12":"product-type-simple"},"yoast_head":"<!-- This site is optimized with the Yoast SEO plugin v27.2 - https:\/\/yoast.com\/product\/yoast-seo-wordpress\/ -->\n<title>Pack Deluxe - Loving Maldivas<\/title>\n<meta name=\"robots\" content=\"index, follow, max-snippet:-1, max-image-preview:large, max-video-preview:-1\" \/>\n<link rel=\"canonical\" href=\"https:\/\/lovingmaldivas.es\/index.php\/producto\/pack-deluxe\/\" \/>\n<meta property=\"og:locale\" content=\"es_ES\" \/>\n<meta property=\"og:type\" content=\"article\" \/>\n<meta property=\"og:title\" content=\"Pack Deluxe - Loving Maldivas\" \/>\n<meta property=\"og:description\" content=\"8 D\u00edas y 7 Noches + Hotel 4*  1 Excursion incluidas  Traslados + Seguros\" \/>\n<meta property=\"og:url\" content=\"https:\/\/lovingmaldivas.es\/index.php\/producto\/pack-deluxe\/\" \/>\n<meta property=\"og:site_name\" content=\"Loving Maldivas\" \/>\n<meta property=\"article:publisher\" content=\"https:\/\/www.facebook.com\/loving.maldivas\" \/>\n<meta property=\"article:modified_time\" content=\"2024-12-04T15:17:23+00:00\" \/>\n<meta property=\"og:image\" content=\"https:\/\/lovingmaldivas.es\/wp-content\/uploads\/2024\/10\/pack-Deluxe.jpg\" \/>\n\t<meta property=\"og:image:width\" content=\"300\" \/>\n\t<meta property=\"og:image:height\" content=\"300\" \/>\n\t<meta property=\"og:image:type\" content=\"image\/jpeg\" \/>\n<meta name=\"twitter:card\" content=\"summary_large_image\" \/>\n<meta name=\"twitter:site\" content=\"@lovingmaldivas\" \/>\n<meta name=\"twitter:label1\" content=\"Tiempo de lectura\" \/>\n\t<meta name=\"twitter:data1\" content=\"3 minutos\" \/>\n<script type=\"application\/ld+json\" class=\"yoast-schema-graph\">{\"@context\":\"https:\/\/schema.org\",\"@graph\":[{\"@type\":\"WebPage\",\"@id\":\"https:\/\/lovingmaldivas.es\/index.php\/producto\/pack-deluxe\/\",\"url\":\"https:\/\/lovingmaldivas.es\/index.php\/producto\/pack-deluxe\/\",\"name\":\"Pack Deluxe - Loving Maldivas\",\"isPartOf\":{\"@id\":\"https:\/\/lovingmaldivas.es\/#website\"},\"primaryImageOfPage\":{\"@id\":\"https:\/\/lovingmaldivas.es\/index.php\/producto\/pack-deluxe\/#primaryimage\"},\"image\":{\"@id\":\"https:\/\/lovingmaldivas.es\/index.php\/producto\/pack-deluxe\/#primaryimage\"},\"thumbnailUrl\":\"https:\/\/lovingmaldivas.es\/wp-content\/uploads\/2024\/10\/pack-Deluxe.jpg\",\"datePublished\":\"2024-12-04T12:41:01+00:00\",\"dateModified\":\"2024-12-04T15:17:23+00:00\",\"breadcrumb\":{\"@id\":\"https:\/\/lovingmaldivas.es\/index.php\/producto\/pack-deluxe\/#breadcrumb\"},\"inLanguage\":\"es\",\"potentialAction\":[{\"@type\":\"ReadAction\",\"target\":[\"https:\/\/lovingmaldivas.es\/index.php\/producto\/pack-deluxe\/\"]}]},{\"@type\":\"ImageObject\",\"inLanguage\":\"es\",\"@id\":\"https:\/\/lovingmaldivas.es\/index.php\/producto\/pack-deluxe\/#primaryimage\",\"url\":\"https:\/\/lovingmaldivas.es\/wp-content\/uploads\/2024\/10\/pack-Deluxe.jpg\",\"contentUrl\":\"https:\/\/lovingmaldivas.es\/wp-content\/uploads\/2024\/10\/pack-Deluxe.jpg\",\"width\":300,\"height\":300},{\"@type\":\"BreadcrumbList\",\"@id\":\"https:\/\/lovingmaldivas.es\/index.php\/producto\/pack-deluxe\/#breadcrumb\",\"itemListElement\":[{\"@type\":\"ListItem\",\"position\":1,\"name\":\"Portada\",\"item\":\"https:\/\/lovingmaldivas.es\/\"},{\"@type\":\"ListItem\",\"position\":2,\"name\":\"Tienda\",\"item\":\"https:\/\/lovingmaldivas.es\/?page_id=17760\"},{\"@type\":\"ListItem\",\"position\":3,\"name\":\"Pack Deluxe\"}]},{\"@type\":\"WebSite\",\"@id\":\"https:\/\/lovingmaldivas.es\/#website\",\"url\":\"https:\/\/lovingmaldivas.es\/\",\"name\":\"Loving Maldivas\",\"description\":\"Especialistas en viajes y vacaciones a las Islas Maldivas\",\"publisher\":{\"@id\":\"https:\/\/lovingmaldivas.es\/#organization\"},\"potentialAction\":[{\"@type\":\"SearchAction\",\"target\":{\"@type\":\"EntryPoint\",\"urlTemplate\":\"https:\/\/lovingmaldivas.es\/?s={search_term_string}\"},\"query-input\":{\"@type\":\"PropertyValueSpecification\",\"valueRequired\":true,\"valueName\":\"search_term_string\"}}],\"inLanguage\":\"es\"},{\"@type\":\"Organization\",\"@id\":\"https:\/\/lovingmaldivas.es\/#organization\",\"name\":\"Loving Maldivas\",\"url\":\"https:\/\/lovingmaldivas.es\/\",\"logo\":{\"@type\":\"ImageObject\",\"inLanguage\":\"es\",\"@id\":\"https:\/\/lovingmaldivas.es\/#\/schema\/logo\/image\/\",\"url\":\"https:\/\/lovingmaldivas.es\/wp-content\/uploads\/2024\/10\/logo2.png\",\"contentUrl\":\"https:\/\/lovingmaldivas.es\/wp-content\/uploads\/2024\/10\/logo2.png\",\"width\":256,\"height\":82,\"caption\":\"Loving Maldivas\"},\"image\":{\"@id\":\"https:\/\/lovingmaldivas.es\/#\/schema\/logo\/image\/\"},\"sameAs\":[\"https:\/\/www.facebook.com\/loving.maldivas\",\"https:\/\/x.com\/lovingmaldivas\",\"https:\/\/www.instagram.com\/lovingmaldivas\/\"]}]}<\/script>\n<!-- \/ Yoast SEO plugin. -->","yoast_head_json":{"title":"Pack Deluxe - Loving Maldivas","robots":{"index":"index","follow":"follow","max-snippet":"max-snippet:-1","max-image-preview":"max-image-preview:large","max-video-preview":"max-video-preview:-1"},"canonical":"https:\/\/lovingmaldivas.es\/index.php\/producto\/pack-deluxe\/","og_locale":"es_ES","og_type":"article","og_title":"Pack Deluxe - Loving Maldivas","og_description":"8 D\u00edas y 7 Noches + Hotel 4*  1 Excursion incluidas  Traslados + Seguros","og_url":"https:\/\/lovingmaldivas.es\/index.php\/producto\/pack-deluxe\/","og_site_name":"Loving Maldivas","article_publisher":"https:\/\/www.facebook.com\/loving.maldivas","article_modified_time":"2024-12-04T15:17:23+00:00","og_image":[{"width":300,"height":300,"url":"https:\/\/lovingmaldivas.es\/wp-content\/uploads\/2024\/10\/pack-Deluxe.jpg","type":"image\/jpeg"}],"twitter_card":"summary_large_image","twitter_site":"@lovingmaldivas","twitter_misc":{"Tiempo de lectura":"3 minutos"},"schema":{"@context":"https:\/\/schema.org","@graph":[{"@type":"WebPage","@id":"https:\/\/lovingmaldivas.es\/index.php\/producto\/pack-deluxe\/","url":"https:\/\/lovingmaldivas.es\/index.php\/producto\/pack-deluxe\/","name":"Pack Deluxe - Loving Maldivas","isPartOf":{"@id":"https:\/\/lovingmaldivas.es\/#website"},"primaryImageOfPage":{"@id":"https:\/\/lovingmaldivas.es\/index.php\/producto\/pack-deluxe\/#primaryimage"},"image":{"@id":"https:\/\/lovingmaldivas.es\/index.php\/producto\/pack-deluxe\/#primaryimage"},"thumbnailUrl":"https:\/\/lovingmaldivas.es\/wp-content\/uploads\/2024\/10\/pack-Deluxe.jpg","datePublished":"2024-12-04T12:41:01+00:00","dateModified":"2024-12-04T15:17:23+00:00","breadcrumb":{"@id":"https:\/\/lovingmaldivas.es\/index.php\/producto\/pack-deluxe\/#breadcrumb"},"inLanguage":"es","potentialAction":[{"@type":"ReadAction","target":["https:\/\/lovingmaldivas.es\/index.php\/producto\/pack-deluxe\/"]}]},{"@type":"ImageObject","inLanguage":"es","@id":"https:\/\/lovingmaldivas.es\/index.php\/producto\/pack-deluxe\/#primaryimage","url":"https:\/\/lovingmaldivas.es\/wp-content\/uploads\/2024\/10\/pack-Deluxe.jpg","contentUrl":"https:\/\/lovingmaldivas.es\/wp-content\/uploads\/2024\/10\/pack-Deluxe.jpg","width":300,"height":300},{"@type":"BreadcrumbList","@id":"https:\/\/lovingmaldivas.es\/index.php\/producto\/pack-deluxe\/#breadcrumb","itemListElement":[{"@type":"ListItem","position":1,"name":"Portada","item":"https:\/\/lovingmaldivas.es\/"},{"@type":"ListItem","position":2,"name":"Tienda","item":"https:\/\/lovingmaldivas.es\/?page_id=17760"},{"@type":"ListItem","position":3,"name":"Pack Deluxe"}]},{"@type":"WebSite","@id":"https:\/\/lovingmaldivas.es\/#website","url":"https:\/\/lovingmaldivas.es\/","name":"Loving Maldivas","description":"Especialistas en viajes y vacaciones a las Islas Maldivas","publisher":{"@id":"https:\/\/lovingmaldivas.es\/#organization"},"potentialAction":[{"@type":"SearchAction","target":{"@type":"EntryPoint","urlTemplate":"https:\/\/lovingmaldivas.es\/?s={search_term_string}"},"query-input":{"@type":"PropertyValueSpecification","valueRequired":true,"valueName":"search_term_string"}}],"inLanguage":"es"},{"@type":"Organization","@id":"https:\/\/lovingmaldivas.es\/#organization","name":"Loving Maldivas","url":"https:\/\/lovingmaldivas.es\/","logo":{"@type":"ImageObject","inLanguage":"es","@id":"https:\/\/lovingmaldivas.es\/#\/schema\/logo\/image\/","url":"https:\/\/lovingmaldivas.es\/wp-content\/uploads\/2024\/10\/logo2.png","contentUrl":"https:\/\/lovingmaldivas.es\/wp-content\/uploads\/2024\/10\/logo2.png","width":256,"height":82,"caption":"Loving Maldivas"},"image":{"@id":"https:\/\/lovingmaldivas.es\/#\/schema\/logo\/image\/"},"sameAs":["https:\/\/www.facebook.com\/loving.maldivas","https:\/\/x.com\/lovingmaldivas","https:\/\/www.instagram.com\/lovingmaldivas\/"]}]}},"_links":{"self":[{"href":"https:\/\/lovingmaldivas.es\/index.php\/wp-json\/wp\/v2\/product\/17937","targetHints":{"allow":["GET"]}}],"collection":[{"href":"https:\/\/lovingmaldivas.es\/index.php\/wp-json\/wp\/v2\/product"}],"about":[{"href":"https:\/\/lovingmaldivas.es\/index.php\/wp-json\/wp\/v2\/types\/product"}],"replies":[{"embeddable":true,"href":"https:\/\/lovingmaldivas.es\/index.php\/wp-json\/wp\/v2\/comments?post=17937"}],"wp:featuredmedia":[{"embeddable":true,"href":"https:\/\/lovingmaldivas.es\/index.php\/wp-json\/wp\/v2\/media\/45"}],"wp:attachment":[{"href":"https:\/\/lovingmaldivas.es\/index.php\/wp-json\/wp\/v2\/media?parent=17937"}],"wp:term":[{"taxonomy":"product_brand","embeddable":true,"href":"https:\/\/lovingmaldivas.es\/index.php\/wp-json\/wp\/v2\/product_brand?post=17937"},{"taxonomy":"product_cat","embeddable":true,"href":"https:\/\/lovingmaldivas.es\/index.php\/wp-json\/wp\/v2\/product_cat?post=17937"},{"taxonomy":"product_tag","embeddable":true,"href":"https:\/\/lovingmaldivas.es\/index.php\/wp-json\/wp\/v2\/product_tag?post=17937"}],"curies":[{"name":"wp","href":"https:\/\/api.w.org\/{rel}","templated":true}]}}